{"id":15238,"date":"2022-11-14T10:28:18","date_gmt":"2022-11-14T10:28:18","guid":{"rendered":"http:\/\/www.eurofirmsfoundation.org\/es\/igual-de-diferentes-tipos-de-discapacidad\/"},"modified":"2024-01-11T11:05:18","modified_gmt":"2024-01-11T11:05:18","slug":"igual-de-diferents","status":"publish","type":"page","link":"https:\/\/www.eurofirmsfoundation.org\/es\/ca\/igual-de-diferents\/","title":{"rendered":"Igual de diferents"},"content":{"rendered":"","protected":false},"excerpt":{"rendered":"","protected":false},"author":1,"featured_media":573,"parent":0,"menu_order":0,"comment_status":"closed","ping_status":"closed","template":"templates\/igual-diferentes.php","meta":{"inline_featured_image":false,"footnotes":""},"class_list":["post-15238","page","type-page","status-publish","has-post-thumbnail","hentry"],"yoast_head":"<!-- This site is optimized with the Yoast SEO plugin v20.1 - https:\/\/yoast.com\/wordpress\/plugins\/seo\/ -->\n<title>Igual de diferents - Fundaci\u00f3n Eurofirms Espa\u00f1a<\/title>\n<meta name=\"description\" content=\"Desmontando mitos y construyendo un mundo m\u00e1s inclusivo, normalizando todos los tipos de discapacidad conoci\u00e9ndola mejor.\" \/>\n<meta name=\"robots\" content=\"index, follow, max-snippet:-1, max-image-preview:large, max-video-preview:-1\" \/>\n<link rel=\"canonical\" href=\"https:\/\/www.eurofirmsfoundation.org\/es\/ca\/igual-de-diferents\/\" \/>\n<meta property=\"og:locale\" content=\"ca_ES\" \/>\n<meta property=\"og:type\" content=\"article\" \/>\n<meta property=\"og:title\" content=\"Igual de diferents - Fundaci\u00f3n Eurofirms Espa\u00f1a\" \/>\n<meta property=\"og:description\" content=\"Desmontando mitos y construyendo un mundo m\u00e1s inclusivo, normalizando todos los tipos de discapacidad conoci\u00e9ndola mejor.\" \/>\n<meta property=\"og:url\" content=\"https:\/\/www.eurofirmsfoundation.org\/es\/ca\/igual-de-diferents\/\" \/>\n<meta property=\"og:site_name\" content=\"Fundaci\u00f3n Eurofirms Espa\u00f1a\" \/>\n<meta property=\"article:modified_time\" content=\"2024-01-11T11:05:18+00:00\" \/>\n<meta property=\"og:image\" content=\"https:\/\/www.eurofirmsfoundation.org\/es\/wp-content\/uploads\/sites\/2\/2021\/12\/Igual-de-diferentes-ES-.png\" \/>\n\t<meta property=\"og:image:width\" content=\"407\" \/>\n\t<meta property=\"og:image:height\" content=\"398\" \/>\n\t<meta property=\"og:image:type\" content=\"image\/png\" \/>\n<meta name=\"twitter:card\" content=\"summary_large_image\" \/>\n<script type=\"application\/ld+json\" class=\"yoast-schema-graph\">{\"@context\":\"https:\/\/schema.org\",\"@graph\":[{\"@type\":\"WebPage\",\"@id\":\"https:\/\/www.eurofirmsfoundation.org\/es\/ca\/igual-de-diferents\/\",\"url\":\"https:\/\/www.eurofirmsfoundation.org\/es\/ca\/igual-de-diferents\/\",\"name\":\"Igual de diferents - Fundaci\u00f3n Eurofirms Espa\u00f1a\",\"isPartOf\":{\"@id\":\"https:\/\/www.eurofirmsfoundation.org\/es\/es\/#website\"},\"datePublished\":\"2022-11-14T10:28:18+00:00\",\"dateModified\":\"2024-01-11T11:05:18+00:00\",\"description\":\"Desmontando mitos y construyendo un mundo m\u00e1s inclusivo, normalizando todos los tipos de discapacidad conoci\u00e9ndola mejor.\",\"breadcrumb\":{\"@id\":\"https:\/\/www.eurofirmsfoundation.org\/es\/ca\/igual-de-diferents\/#breadcrumb\"},\"inLanguage\":\"ca\",\"potentialAction\":[{\"@type\":\"ReadAction\",\"target\":[\"https:\/\/www.eurofirmsfoundation.org\/es\/ca\/igual-de-diferents\/\"]}]},{\"@type\":\"BreadcrumbList\",\"@id\":\"https:\/\/www.eurofirmsfoundation.org\/es\/ca\/igual-de-diferents\/#breadcrumb\",\"itemListElement\":[{\"@type\":\"ListItem\",\"position\":1,\"name\":\"Portada\",\"item\":\"https:\/\/www.eurofirmsfoundation.org\/es\/ca\/\"},{\"@type\":\"ListItem\",\"position\":2,\"name\":\"Igual de diferents\"}]},{\"@type\":\"WebSite\",\"@id\":\"https:\/\/www.eurofirmsfoundation.org\/es\/es\/#website\",\"url\":\"https:\/\/www.eurofirmsfoundation.org\/es\/es\/\",\"name\":\"Fundaci\u00f3n Eurofirms Espa\u00f1a\",\"description\":\"Otro sitio m\u00e1s de Fundaci\u00f3n Eurofirms \",\"potentialAction\":[{\"@type\":\"SearchAction\",\"target\":{\"@type\":\"EntryPoint\",\"urlTemplate\":\"https:\/\/www.eurofirmsfoundation.org\/es\/es\/?s={search_term_string}\"},\"query-input\":\"required name=search_term_string\"}],\"inLanguage\":\"ca\"}]}<\/script>\n<!-- \/ Yoast SEO plugin. -->","yoast_head_json":{"title":"Igual de diferents - Fundaci\u00f3n Eurofirms Espa\u00f1a","description":"Desmontando mitos y construyendo un mundo m\u00e1s inclusivo, normalizando todos los tipos de discapacidad conoci\u00e9ndola mejor.","robots":{"index":"index","follow":"follow","max-snippet":"max-snippet:-1","max-image-preview":"max-image-preview:large","max-video-preview":"max-video-preview:-1"},"canonical":"https:\/\/www.eurofirmsfoundation.org\/es\/ca\/igual-de-diferents\/","og_locale":"ca_ES","og_type":"article","og_title":"Igual de diferents - Fundaci\u00f3n Eurofirms Espa\u00f1a","og_description":"Desmontando mitos y construyendo un mundo m\u00e1s inclusivo, normalizando todos los tipos de discapacidad conoci\u00e9ndola mejor.","og_url":"https:\/\/www.eurofirmsfoundation.org\/es\/ca\/igual-de-diferents\/","og_site_name":"Fundaci\u00f3n Eurofirms Espa\u00f1a","article_modified_time":"2024-01-11T11:05:18+00:00","og_image":[{"width":407,"height":398,"url":"https:\/\/www.eurofirmsfoundation.org\/es\/wp-content\/uploads\/sites\/2\/2021\/12\/Igual-de-diferentes-ES-.png","type":"image\/png"}],"twitter_card":"summary_large_image","schema":{"@context":"https:\/\/schema.org","@graph":[{"@type":"WebPage","@id":"https:\/\/www.eurofirmsfoundation.org\/es\/ca\/igual-de-diferents\/","url":"https:\/\/www.eurofirmsfoundation.org\/es\/ca\/igual-de-diferents\/","name":"Igual de diferents - Fundaci\u00f3n Eurofirms Espa\u00f1a","isPartOf":{"@id":"https:\/\/www.eurofirmsfoundation.org\/es\/es\/#website"},"datePublished":"2022-11-14T10:28:18+00:00","dateModified":"2024-01-11T11:05:18+00:00","description":"Desmontando mitos y construyendo un mundo m\u00e1s inclusivo, normalizando todos los tipos de discapacidad conoci\u00e9ndola mejor.","breadcrumb":{"@id":"https:\/\/www.eurofirmsfoundation.org\/es\/ca\/igual-de-diferents\/#breadcrumb"},"inLanguage":"ca","potentialAction":[{"@type":"ReadAction","target":["https:\/\/www.eurofirmsfoundation.org\/es\/ca\/igual-de-diferents\/"]}]},{"@type":"BreadcrumbList","@id":"https:\/\/www.eurofirmsfoundation.org\/es\/ca\/igual-de-diferents\/#breadcrumb","itemListElement":[{"@type":"ListItem","position":1,"name":"Portada","item":"https:\/\/www.eurofirmsfoundation.org\/es\/ca\/"},{"@type":"ListItem","position":2,"name":"Igual de diferents"}]},{"@type":"WebSite","@id":"https:\/\/www.eurofirmsfoundation.org\/es\/es\/#website","url":"https:\/\/www.eurofirmsfoundation.org\/es\/es\/","name":"Fundaci\u00f3n Eurofirms Espa\u00f1a","description":"Otro sitio m\u00e1s de Fundaci\u00f3n Eurofirms ","potentialAction":[{"@type":"SearchAction","target":{"@type":"EntryPoint","urlTemplate":"https:\/\/www.eurofirmsfoundation.org\/es\/es\/?s={search_term_string}"},"query-input":"required name=search_term_string"}],"inLanguage":"ca"}]}},"_links":{"self":[{"href":"https:\/\/www.eurofirmsfoundation.org\/es\/ca\/wp-json\/wp\/v2\/pages\/15238","targetHints":{"allow":["GET"]}}],"collection":[{"href":"https:\/\/www.eurofirmsfoundation.org\/es\/ca\/wp-json\/wp\/v2\/pages"}],"about":[{"href":"https:\/\/www.eurofirmsfoundation.org\/es\/ca\/wp-json\/wp\/v2\/types\/page"}],"author":[{"embeddable":true,"href":"https:\/\/www.eurofirmsfoundation.org\/es\/ca\/wp-json\/wp\/v2\/users\/1"}],"replies":[{"embeddable":true,"href":"https:\/\/www.eurofirmsfoundation.org\/es\/ca\/wp-json\/wp\/v2\/comments?post=15238"}],"version-history":[{"count":12,"href":"https:\/\/www.eurofirmsfoundation.org\/es\/ca\/wp-json\/wp\/v2\/pages\/15238\/revisions"}],"predecessor-version":[{"id":17390,"href":"https:\/\/www.eurofirmsfoundation.org\/es\/ca\/wp-json\/wp\/v2\/pages\/15238\/revisions\/17390"}],"wp:featuredmedia":[{"embeddable":true,"href":"https:\/\/www.eurofirmsfoundation.org\/es\/ca\/wp-json\/wp\/v2\/media\/573"}],"wp:attachment":[{"href":"https:\/\/www.eurofirmsfoundation.org\/es\/ca\/wp-json\/wp\/v2\/media?parent=15238"}],"curies":[{"name":"wp","href":"https:\/\/api.w.org\/{rel}","templated":true}]}}