{"id":15235,"date":"2022-08-04T15:37:55","date_gmt":"2022-08-04T15:37:55","guid":{"rendered":"http:\/\/www.eurofirmsfoundation.org\/es\/eurofirms-foundation\/"},"modified":"2024-08-22T09:10:31","modified_gmt":"2024-08-22T09:10:31","slug":"eurofirms-foundation","status":"publish","type":"page","link":"https:\/\/www.eurofirmsfoundation.org\/es\/ca\/eurofirms-foundation\/","title":{"rendered":"Eurofirms Foundation"},"content":{"rendered":"","protected":false},"excerpt":{"rendered":"","protected":false},"author":1,"featured_media":15320,"parent":0,"menu_order":0,"comment_status":"closed","ping_status":"closed","template":"templates\/fundacion.php","meta":{"inline_featured_image":false,"footnotes":""},"class_list":["post-15235","page","type-page","status-publish","has-post-thumbnail","hentry"],"yoast_head":"<!-- This site is optimized with the Yoast SEO plugin v20.1 - https:\/\/yoast.com\/wordpress\/plugins\/seo\/ -->\n<title>Eurofirms Foundation - Fundaci\u00f3n Eurofirms Espa\u00f1a<\/title>\n<meta name=\"description\" content=\"Eurofirms Foundation naci\u00f3 hace 15 a\u00f1os para fomentar la integraci\u00f3n laboral de las personas con discapacidad.\" \/>\n<meta name=\"robots\" content=\"index, follow, max-snippet:-1, max-image-preview:large, max-video-preview:-1\" \/>\n<link rel=\"canonical\" href=\"https:\/\/www.eurofirmsfoundation.org\/es\/ca\/eurofirms-foundation\/\" \/>\n<meta property=\"og:locale\" content=\"ca_ES\" \/>\n<meta property=\"og:type\" content=\"article\" \/>\n<meta property=\"og:title\" content=\"Eurofirms Foundation - Fundaci\u00f3n Eurofirms Espa\u00f1a\" \/>\n<meta property=\"og:description\" content=\"Eurofirms Foundation naci\u00f3 hace 15 a\u00f1os para fomentar la integraci\u00f3n laboral de las personas con discapacidad.\" \/>\n<meta property=\"og:url\" content=\"https:\/\/www.eurofirmsfoundation.org\/es\/ca\/eurofirms-foundation\/\" \/>\n<meta property=\"og:site_name\" content=\"Fundaci\u00f3n Eurofirms Espa\u00f1a\" \/>\n<meta property=\"article:modified_time\" content=\"2024-08-22T09:10:31+00:00\" \/>\n<meta property=\"og:image\" content=\"https:\/\/www.eurofirmsfoundation.org\/es\/wp-content\/uploads\/sites\/2\/2023\/02\/shutterstock_2152101571.jpg\" \/>\n\t<meta property=\"og:image:width\" content=\"1500\" \/>\n\t<meta property=\"og:image:height\" content=\"464\" \/>\n\t<meta property=\"og:image:type\" content=\"image\/jpeg\" \/>\n<meta name=\"twitter:card\" content=\"summary_large_image\" \/>\n<script type=\"application\/ld+json\" class=\"yoast-schema-graph\">{\"@context\":\"https:\/\/schema.org\",\"@graph\":[{\"@type\":\"WebPage\",\"@id\":\"https:\/\/www.eurofirmsfoundation.org\/es\/ca\/eurofirms-foundation\/\",\"url\":\"https:\/\/www.eurofirmsfoundation.org\/es\/ca\/eurofirms-foundation\/\",\"name\":\"Eurofirms Foundation - Fundaci\u00f3n Eurofirms Espa\u00f1a\",\"isPartOf\":{\"@id\":\"https:\/\/www.eurofirmsfoundation.org\/es\/es\/#website\"},\"datePublished\":\"2022-08-04T15:37:55+00:00\",\"dateModified\":\"2024-08-22T09:10:31+00:00\",\"description\":\"Eurofirms Foundation naci\u00f3 hace 15 a\u00f1os para fomentar la integraci\u00f3n laboral de las personas con discapacidad.\",\"breadcrumb\":{\"@id\":\"https:\/\/www.eurofirmsfoundation.org\/es\/ca\/eurofirms-foundation\/#breadcrumb\"},\"inLanguage\":\"ca\",\"potentialAction\":[{\"@type\":\"ReadAction\",\"target\":[\"https:\/\/www.eurofirmsfoundation.org\/es\/ca\/eurofirms-foundation\/\"]}]},{\"@type\":\"BreadcrumbList\",\"@id\":\"https:\/\/www.eurofirmsfoundation.org\/es\/ca\/eurofirms-foundation\/#breadcrumb\",\"itemListElement\":[{\"@type\":\"ListItem\",\"position\":1,\"name\":\"Portada\",\"item\":\"https:\/\/www.eurofirmsfoundation.org\/es\/ca\/\"},{\"@type\":\"ListItem\",\"position\":2,\"name\":\"Eurofirms Foundation\"}]},{\"@type\":\"WebSite\",\"@id\":\"https:\/\/www.eurofirmsfoundation.org\/es\/es\/#website\",\"url\":\"https:\/\/www.eurofirmsfoundation.org\/es\/es\/\",\"name\":\"Fundaci\u00f3n Eurofirms Espa\u00f1a\",\"description\":\"Otro sitio m\u00e1s de Fundaci\u00f3n Eurofirms \",\"potentialAction\":[{\"@type\":\"SearchAction\",\"target\":{\"@type\":\"EntryPoint\",\"urlTemplate\":\"https:\/\/www.eurofirmsfoundation.org\/es\/es\/?s={search_term_string}\"},\"query-input\":\"required name=search_term_string\"}],\"inLanguage\":\"ca\"}]}<\/script>\n<!-- \/ Yoast SEO plugin. -->","yoast_head_json":{"title":"Eurofirms Foundation - Fundaci\u00f3n Eurofirms Espa\u00f1a","description":"Eurofirms Foundation naci\u00f3 hace 15 a\u00f1os para fomentar la integraci\u00f3n laboral de las personas con discapacidad.","robots":{"index":"index","follow":"follow","max-snippet":"max-snippet:-1","max-image-preview":"max-image-preview:large","max-video-preview":"max-video-preview:-1"},"canonical":"https:\/\/www.eurofirmsfoundation.org\/es\/ca\/eurofirms-foundation\/","og_locale":"ca_ES","og_type":"article","og_title":"Eurofirms Foundation - Fundaci\u00f3n Eurofirms Espa\u00f1a","og_description":"Eurofirms Foundation naci\u00f3 hace 15 a\u00f1os para fomentar la integraci\u00f3n laboral de las personas con discapacidad.","og_url":"https:\/\/www.eurofirmsfoundation.org\/es\/ca\/eurofirms-foundation\/","og_site_name":"Fundaci\u00f3n Eurofirms Espa\u00f1a","article_modified_time":"2024-08-22T09:10:31+00:00","og_image":[{"width":1500,"height":464,"url":"https:\/\/www.eurofirmsfoundation.org\/es\/wp-content\/uploads\/sites\/2\/2023\/02\/shutterstock_2152101571.jpg","type":"image\/jpeg"}],"twitter_card":"summary_large_image","schema":{"@context":"https:\/\/schema.org","@graph":[{"@type":"WebPage","@id":"https:\/\/www.eurofirmsfoundation.org\/es\/ca\/eurofirms-foundation\/","url":"https:\/\/www.eurofirmsfoundation.org\/es\/ca\/eurofirms-foundation\/","name":"Eurofirms Foundation - Fundaci\u00f3n Eurofirms Espa\u00f1a","isPartOf":{"@id":"https:\/\/www.eurofirmsfoundation.org\/es\/es\/#website"},"datePublished":"2022-08-04T15:37:55+00:00","dateModified":"2024-08-22T09:10:31+00:00","description":"Eurofirms Foundation naci\u00f3 hace 15 a\u00f1os para fomentar la integraci\u00f3n laboral de las personas con discapacidad.","breadcrumb":{"@id":"https:\/\/www.eurofirmsfoundation.org\/es\/ca\/eurofirms-foundation\/#breadcrumb"},"inLanguage":"ca","potentialAction":[{"@type":"ReadAction","target":["https:\/\/www.eurofirmsfoundation.org\/es\/ca\/eurofirms-foundation\/"]}]},{"@type":"BreadcrumbList","@id":"https:\/\/www.eurofirmsfoundation.org\/es\/ca\/eurofirms-foundation\/#breadcrumb","itemListElement":[{"@type":"ListItem","position":1,"name":"Portada","item":"https:\/\/www.eurofirmsfoundation.org\/es\/ca\/"},{"@type":"ListItem","position":2,"name":"Eurofirms Foundation"}]},{"@type":"WebSite","@id":"https:\/\/www.eurofirmsfoundation.org\/es\/es\/#website","url":"https:\/\/www.eurofirmsfoundation.org\/es\/es\/","name":"Fundaci\u00f3n Eurofirms Espa\u00f1a","description":"Otro sitio m\u00e1s de Fundaci\u00f3n Eurofirms ","potentialAction":[{"@type":"SearchAction","target":{"@type":"EntryPoint","urlTemplate":"https:\/\/www.eurofirmsfoundation.org\/es\/es\/?s={search_term_string}"},"query-input":"required name=search_term_string"}],"inLanguage":"ca"}]}},"_links":{"self":[{"href":"https:\/\/www.eurofirmsfoundation.org\/es\/ca\/wp-json\/wp\/v2\/pages\/15235","targetHints":{"allow":["GET"]}}],"collection":[{"href":"https:\/\/www.eurofirmsfoundation.org\/es\/ca\/wp-json\/wp\/v2\/pages"}],"about":[{"href":"https:\/\/www.eurofirmsfoundation.org\/es\/ca\/wp-json\/wp\/v2\/types\/page"}],"author":[{"embeddable":true,"href":"https:\/\/www.eurofirmsfoundation.org\/es\/ca\/wp-json\/wp\/v2\/users\/1"}],"replies":[{"embeddable":true,"href":"https:\/\/www.eurofirmsfoundation.org\/es\/ca\/wp-json\/wp\/v2\/comments?post=15235"}],"version-history":[{"count":8,"href":"https:\/\/www.eurofirmsfoundation.org\/es\/ca\/wp-json\/wp\/v2\/pages\/15235\/revisions"}],"predecessor-version":[{"id":20382,"href":"https:\/\/www.eurofirmsfoundation.org\/es\/ca\/wp-json\/wp\/v2\/pages\/15235\/revisions\/20382"}],"wp:featuredmedia":[{"embeddable":true,"href":"https:\/\/www.eurofirmsfoundation.org\/es\/ca\/wp-json\/wp\/v2\/media\/15320"}],"wp:attachment":[{"href":"https:\/\/www.eurofirmsfoundation.org\/es\/ca\/wp-json\/wp\/v2\/media?parent=15235"}],"curies":[{"name":"wp","href":"https:\/\/api.w.org\/{rel}","templated":true}]}}